{"id":25,"date":"2026-04-01T13:41:51","date_gmt":"2026-04-01T11:41:51","guid":{"rendered":"https:\/\/adolfoguillen.com\/?page_id=25"},"modified":"2026-05-16T14:11:32","modified_gmt":"2026-05-16T12:11:32","slug":"autor","status":"publish","type":"page","link":"https:\/\/adolfoguillen.com\/?page_id=25","title":{"rendered":"Autor"},"content":{"rendered":"\n<div class=\"wp-block-columns alignwide are-vertically-aligned-top is-layout-flex wp-container-core-columns-is-layout-9d6595d7 wp-block-columns-is-layout-flex\">\n<div class=\"wp-block-column is-layout-flow wp-block-column-is-layout-flow\" style=\"flex-basis:43%\">\n<p style=\"font-style:normal;font-weight:400\">Soy escritor y divulgador con formaci\u00f3n t\u00e9cnica y cuatro d\u00e9cadas de trayectoria profesional en el sector de la construcci\u00f3n. Esa experiencia me ense\u00f1\u00f3 a observar c\u00f3mo las personas se adaptan \u2014o no\u2014 a los cambios que nadie pidi\u00f3: tecnol\u00f3gicos, sociales, familiares.<\/p>\n\n\n\n<p>Escribo sobre lo que nos afecta sin que nadie nos lo explique: la inteligencia artificial que ha entrado en los hogares sin manual de instrucciones, y las din\u00e1micas familiares que se deterioran en silencio sin que nadie les ponga nombre. En ambos casos, me interesa la misma pregunta: \u00bfqu\u00e9 puede hacer una persona normal cuando el mundo que conoc\u00eda ha cambiado y nadie le ha dado las herramientas para manejarse en \u00e9l?<\/p>\n\n\n\n<p>Soy pr\u00e1ctico, directo y libre de tecnicismos. No escribo para expertos, sino para personas que quieren entender qu\u00e9 est\u00e1 pasando y qu\u00e9 pueden hacer al respecto.<\/p>\n\n\n\n<p>Me gusta compaginar la escritura con mi curiosidad por la ciencia, la filosof\u00eda y todo aquello que merezca ser entendido antes de ser opinado.<\/p>\n\n\n\n<p>Estar\u00e9 encantado de responder a tus mensajes.<\/p>\n\n\n\n<p><\/p>\n\n\n\n<p><\/p>\n<\/div>\n<\/div>\n\n\n\n<div class=\"wpcf7 no-js\" id=\"wpcf7-f7-o1\" lang=\"es-ES\" dir=\"ltr\" data-wpcf7-id=\"7\">\n<div class=\"screen-reader-response\"><p role=\"status\" aria-live=\"polite\" aria-atomic=\"true\"><\/p> <ul><\/ul><\/div>\n<form action=\"\/index.php?rest_route=%2Fwp%2Fv2%2Fpages%2F25#wpcf7-f7-o1\" method=\"post\" class=\"wpcf7-form init\" aria-label=\"Formulario de contacto\" novalidate=\"novalidate\" data-status=\"init\">\n<fieldset class=\"hidden-fields-container\"><input type=\"hidden\" name=\"_wpcf7\" value=\"7\" \/><input type=\"hidden\" name=\"_wpcf7_version\" value=\"6.1.6\" \/><input type=\"hidden\" name=\"_wpcf7_locale\" value=\"es_ES\" \/><input type=\"hidden\" name=\"_wpcf7_unit_tag\" value=\"wpcf7-f7-o1\" \/><input type=\"hidden\" name=\"_wpcf7_container_post\" value=\"0\" \/><input type=\"hidden\" name=\"_wpcf7_posted_data_hash\" value=\"\" \/>\n<\/fieldset>\n<p><label> Tu nombre<br \/>\n<span class=\"wpcf7-form-control-wrap\" data-name=\"your-name\"><input size=\"40\" maxlength=\"400\" class=\"wpcf7-form-control wpcf7-text wpcf7-validates-as-required\" autocomplete=\"name\" aria-required=\"true\" aria-invalid=\"false\" value=\"\" type=\"text\" name=\"your-name\" \/><\/span> <\/label>\n<\/p>\n<p><label> Tu correo electr\u00f3nico<br \/>\n<span class=\"wpcf7-form-control-wrap\" data-name=\"your-email\"><input size=\"40\" maxlength=\"400\" class=\"wpcf7-form-control wpcf7-email wpcf7-validates-as-required wpcf7-text wpcf7-validates-as-email\" autocomplete=\"email\" aria-required=\"true\" aria-invalid=\"false\" value=\"\" type=\"email\" name=\"your-email\" \/><\/span> <\/label>\n<\/p>\n<p><label> Asunto<br \/>\n<span class=\"wpcf7-form-control-wrap\" data-name=\"your-subject\"><input size=\"40\" maxlength=\"400\" class=\"wpcf7-form-control wpcf7-text wpcf7-validates-as-required\" aria-required=\"true\" aria-invalid=\"false\" value=\"\" type=\"text\" name=\"your-subject\" \/><\/span> <\/label>\n<\/p>\n<p><label> Tu mensaje (opcional)<br \/>\n<span class=\"wpcf7-form-control-wrap\" data-name=\"your-message\"><textarea cols=\"40\" rows=\"10\" maxlength=\"2000\" class=\"wpcf7-form-control wpcf7-textarea\" aria-invalid=\"false\" name=\"your-message\"><\/textarea><\/span> <\/label>\n<\/p>\n<p><input class=\"wpcf7-form-control wpcf7-submit has-spinner\" type=\"submit\" value=\"Enviar\" \/>\n<\/p><div class=\"wpcf7-response-output\" aria-hidden=\"true\"><\/div>\n<\/form>\n<\/div>\n\n","protected":false},"excerpt":{"rendered":"<p>Soy escritor y divulgador con formaci\u00f3n t\u00e9cnica y cuatro d\u00e9cadas de trayectoria profesional en el sector de la construcci\u00f3n. Esa experiencia me ense\u00f1\u00f3 a observar c\u00f3mo las personas se adaptan&hellip;<\/p>\n","protected":false},"author":2,"featured_media":90,"parent":0,"menu_order":0,"comment_status":"closed","ping_status":"closed","template":"","meta":{"footnotes":""},"class_list":["post-25","page","type-page","status-publish","has-post-thumbnail","hentry"],"_links":{"self":[{"href":"https:\/\/adolfoguillen.com\/index.php?rest_route=\/wp\/v2\/pages\/25","targetHints":{"allow":["GET"]}}],"collection":[{"href":"https:\/\/adolfoguillen.com\/index.php?rest_route=\/wp\/v2\/pages"}],"about":[{"href":"https:\/\/adolfoguillen.com\/index.php?rest_route=\/wp\/v2\/types\/page"}],"author":[{"embeddable":true,"href":"https:\/\/adolfoguillen.com\/index.php?rest_route=\/wp\/v2\/users\/2"}],"replies":[{"embeddable":true,"href":"https:\/\/adolfoguillen.com\/index.php?rest_route=%2Fwp%2Fv2%2Fcomments&post=25"}],"version-history":[{"count":8,"href":"https:\/\/adolfoguillen.com\/index.php?rest_route=\/wp\/v2\/pages\/25\/revisions"}],"predecessor-version":[{"id":112,"href":"https:\/\/adolfoguillen.com\/index.php?rest_route=\/wp\/v2\/pages\/25\/revisions\/112"}],"wp:featuredmedia":[{"embeddable":true,"href":"https:\/\/adolfoguillen.com\/index.php?rest_route=\/wp\/v2\/media\/90"}],"wp:attachment":[{"href":"https:\/\/adolfoguillen.com\/index.php?rest_route=%2Fwp%2Fv2%2Fmedia&parent=25"}],"curies":[{"name":"wp","href":"https:\/\/api.w.org\/{rel}","templated":true}]}}