{"id":33,"date":"2026-04-01T18:02:50","date_gmt":"2026-04-01T16:02:50","guid":{"rendered":"https:\/\/adolfoguillen.com\/?page_id=33"},"modified":"2026-04-07T16:46:04","modified_gmt":"2026-04-07T14:46:04","slug":"inicio","status":"publish","type":"page","link":"https:\/\/adolfoguillen.com\/","title":{"rendered":"Inicio"},"content":{"rendered":"\n<style>\n.ag-hero{\n  position: relative;\n  width: 100vw;\n  margin-left: calc(50% - 50vw);\n  margin-right: calc(50% - 50vw);\n  min-height: 520px;\n  display: flex;\n  align-items: center;\n  justify-content: center;\n  padding: 80px 30px;\n  background-image: url('https:\/\/adolfoguillen.com\/wp-content\/uploads\/sites\/2\/2026\/04\/Imagen_Header-scaled.jpg');\n  background-size: cover;\n  background-position: center center;\n  background-repeat: no-repeat;\n  text-align: center;\n}\n\n.ag-hero::before{\n  content:\"\";\n  position:absolute;\n  inset:0;\n  background: rgba(247,244,236,0.40);\n}\n\n.ag-hero-content{\n  position: relative;\n  z-index: 2;\n  max-width: 820px;\n  padding: 0 20px;\n}\n\n.ag-hero h1{\n  font-size: 56px;\n  line-height: 1.1;\n  margin: 0 0 20px;\n  color: #1f2433;\n}\n\n.ag-hero p{\n  font-size: 22px;\n  line-height: 1.5;\n  margin: 0 0 30px;\n  color: #2f3545;\n}\n\n.ag-hero-buttons{\n  display:flex;\n  gap:16px;\n  justify-content:center;\n  flex-wrap:wrap;\n}\n\n.ag-hero-buttons a{\n  display:inline-block;\n  padding:14px 26px;\n  background:#1f2433;\n  color:#ffffff;\n  text-decoration:none;\n  border-radius:6px;\n  font-size:16px;\n}\n\n.ag-hero-buttons a.secondary{\n  background:#ffffff;\n  color:#1f2433;\n  border:1px solid #d8d2c8;\n}\n\n@media (max-width: 768px){\n  .ag-hero{\n    min-height: 420px;\n    padding: 60px 20px;\n  }\n\n  .ag-hero h1{\n    font-size: 38px;\n  }\n\n  .ag-hero p{\n    font-size: 18px;\n  }\n}\n<\/style>\n\n<section class=\"ag-hero\">\n  <div class=\"ag-hero-content\">\n    <h1>Adolfo Guill\u00e9n<\/h1>\n    <p>Escritura, reflexi\u00f3n e inteligencia artificial.<\/p>\n    <div class=\"ag-hero-buttons\">\n      <a href=\"\/mis-libros\/\">Mi \u00faltimo libro<\/a>\n      <a href=\"\/autor\/\" class=\"secondary\">Biograf\u00eda<\/a>\n    <\/div>\n  <\/div>\n<\/section>\n\n\n<p>[ultimo_libro]<\/p>\n\n\n\n<div class=\"wp-block-columns is-layout-flex wp-container-core-columns-is-layout-9d6595d7 wp-block-columns-is-layout-flex\">\n<div class=\"wp-block-column is-layout-flow wp-block-column-is-layout-flow\" style=\"flex-basis:33.33%\">\n<p><\/p>\n<\/div>\n\n\n\n<div class=\"wp-block-column is-layout-flow wp-block-column-is-layout-flow\" style=\"flex-basis:66.66%\"><\/div>\n<\/div>\n\n\n\n<div class=\"wp-block-buttons is-layout-flex wp-block-buttons-is-layout-flex\">\n<div class=\"wp-block-button\"><a class=\"wp-block-button__link wp-element-button\">Ver en Amazon<\/a><\/div>\n<\/div>\n\n\n\n<h2 class=\"wp-block-heading\">ADOLFO GUILL\u00c9N : EL AUTOR<\/h2>\n\n\n\n<div class=\"wp-block-media-text is-stacked-on-mobile is-vertically-aligned-top\"><figure class=\"wp-block-media-text__media\"><img loading=\"lazy\" decoding=\"async\" width=\"548\" height=\"782\" src=\"https:\/\/adolfoguillen.com\/wp-content\/uploads\/sites\/2\/2026\/04\/Adolfo_Guillen.png\" alt=\"\" class=\"wp-image-90 size-full\" srcset=\"https:\/\/adolfoguillen.com\/wp-content\/uploads\/sites\/2\/2026\/04\/Adolfo_Guillen.png 548w, https:\/\/adolfoguillen.com\/wp-content\/uploads\/sites\/2\/2026\/04\/Adolfo_Guillen-210x300.png 210w\" sizes=\"auto, (max-width: 548px) 100vw, 548px\" \/><\/figure><div class=\"wp-block-media-text__content\">\n<p>Soy escritor y divulgador con formaci\u00f3n t\u00e9cnica y cuatro d\u00e9cadas de trayectoria profesional en el sector de la construcci\u00f3n. Esa experiencia me ense\u00f1\u00f3 a observar c\u00f3mo las personas se adaptan \u2014o no\u2014 a los cambios que nadie pidi\u00f3: tecnol\u00f3gicos, sociales, familiares.<\/p>\n\n\n\n<p>Escribo sobre lo que nos afecta sin que nadie nos lo explique: la inteligencia artificial que ha entrado en los hogares sin manual de instrucciones, y las din\u00e1micas familiares que se deterioran en silencio sin que nadie les ponga nombre. En ambos casos, me interesa la misma pregunta: \u00bfqu\u00e9 puede hacer una persona normal cuando el mundo que conoc\u00eda ha cambiado y nadie le ha dado las herramientas para manejarse en \u00e9l?<\/p>\n\n\n\n<p>Soy pr\u00e1ctico, directo y libre de tecnicismos. No escribo para expertos, sino para personas que quieren entender qu\u00e9 est\u00e1 pasando y qu\u00e9 pueden hacer al respecto.<\/p>\n\n\n\n<p>Me gusta compaginar la escritura con mi curiosidad por la ciencia, la filosof\u00eda y todo aquello que merezca ser entendido antes de ser opinado.<\/p>\n\n\n\n<p>Estar\u00e9 encantado de responder a tus mensajes.<\/p>\n<\/div><\/div>\n\n\n\n<div class=\"wp-block-buttons is-layout-flex wp-block-buttons-is-layout-flex\">\n<div class=\"wp-block-button\"><a class=\"wp-block-button__link wp-element-button\" href=\"https:\/\/adolfoguillen.com\/autor\/\">Contacto<\/a><\/div>\n<\/div>\n\n\n<h2 class=\"wp-block-post-title\">Inicio<\/h2>\n\n<ul class=\"wp-block-latest-posts__list is-grid columns-3 aligncenter wp-block-latest-posts\"><li><a class=\"wp-block-latest-posts__post-title\" href=\"https:\/\/adolfoguillen.com\/?p=1\">\u00a1Hola, mundo!<\/a><\/li>\n<\/ul>\n\n\n<p><\/p>\n","protected":false},"excerpt":{"rendered":"<p>Adolfo Guill\u00e9n Escritura, reflexi\u00f3n e inteligencia artificial. Mi \u00faltimo libro Biograf\u00eda ADOLFO GUILL\u00c9N : EL AUTOR Soy escritor y divulgador con formaci\u00f3n t\u00e9cnica y cuatro d\u00e9cadas de trayectoria profesional en&hellip;<\/p>\n","protected":false},"author":2,"featured_media":0,"parent":0,"menu_order":0,"comment_status":"closed","ping_status":"closed","template":"","meta":{"footnotes":""},"class_list":["post-33","page","type-page","status-publish","hentry"],"_links":{"self":[{"href":"https:\/\/adolfoguillen.com\/index.php?rest_route=\/wp\/v2\/pages\/33","targetHints":{"allow":["GET"]}}],"collection":[{"href":"https:\/\/adolfoguillen.com\/index.php?rest_route=\/wp\/v2\/pages"}],"about":[{"href":"https:\/\/adolfoguillen.com\/index.php?rest_route=\/wp\/v2\/types\/page"}],"author":[{"embeddable":true,"href":"https:\/\/adolfoguillen.com\/index.php?rest_route=\/wp\/v2\/users\/2"}],"replies":[{"embeddable":true,"href":"https:\/\/adolfoguillen.com\/index.php?rest_route=%2Fwp%2Fv2%2Fcomments&post=33"}],"version-history":[{"count":14,"href":"https:\/\/adolfoguillen.com\/index.php?rest_route=\/wp\/v2\/pages\/33\/revisions"}],"predecessor-version":[{"id":95,"href":"https:\/\/adolfoguillen.com\/index.php?rest_route=\/wp\/v2\/pages\/33\/revisions\/95"}],"wp:attachment":[{"href":"https:\/\/adolfoguillen.com\/index.php?rest_route=%2Fwp%2Fv2%2Fmedia&parent=33"}],"curies":[{"name":"wp","href":"https:\/\/api.w.org\/{rel}","templated":true}]}}